{"id":9153,"date":"2018-06-27T08:23:18","date_gmt":"2018-06-27T08:23:18","guid":{"rendered":"http:\/\/ceogr.edu.pl\/?page_id=9153"},"modified":"2018-06-27T08:26:00","modified_gmt":"2018-06-27T08:26:00","slug":"dokumentacja-projektu-czas-na-zawodowcow-dostawa-odziezy-roboczej","status":"publish","type":"page","link":"https:\/\/ceogr.edu.pl\/?page_id=9153","title":{"rendered":"Dokumentacja projektu \u2013 Czas na zawodowc\u00f3w &#8211; Dostawa odzie\u017cy roboczej"},"content":{"rendered":"<p style=\"text-align: center;\"><strong><span style=\"color: #ff0000;\">Szanowni Pa\u0144stwo!<\/span><\/strong><\/p>\n<p style=\"text-align: center;\">Gmina Miasto Szczecin \u2013 Centrum Edukacji Ogrodniczej w Szczecinie<br \/>\n adres: ul. Batalion\u00f3w Ch\u0142opskich 115, 70-760 Szczecin<br \/>\n e-mail: ceogr@miasto.szczecin.pl<br \/>\n tel.: 91 461 23 79 sekretariat<br \/>\n fax: 91 4 317-358 lub 91 461 23 79 w. 30<\/p>\n<p style=\"text-align: center;\"><strong>ZAPRASZA DO Z\u0141O\u017bENIA OFERTY W POST\u0118POWANIU PROWADZONYM <\/strong><br \/>\n <strong>W TRYBIE PRZETARGU NIEOGRANICZONEGO<\/strong><br \/>\n <strong>NA DOSTAWY<\/strong><\/p>\n<p style=\"text-align: center;\">O WARTO\u015aCI ZAM\u00d3WIENIA PONI\u017bEJ KWOT OKRE\u015aLONYCH W PRZEPISACH WYDANYCH NA PODSTAWIE ART. 11 UST. 8 NA:<\/p>\n<p style=\"text-align: center;\"><strong>\u201eDostaw\u0119 odzie\u017cy roboczej w projekcie:<\/strong><br \/>\n <strong>Czas na zawodowc\u00f3w \u2013 wzrost jako\u015bci kszta\u0142cenia zawodowego szczeci\u0144skich szk\u00f3\u0142<\/strong>\u201d<\/p>\n<p style=\"text-align: center;\">\u00a0<\/p>\n<p style=\"text-align: left;\"><a href=\"https:\/\/ceogr.edu.pl\/wp-content\/uploads\/2018\/06\/siwz1-dostawa-2018-doc.pdf\" target=\"_blank\" rel=\"noopener noreferrer\">Specyfikacja Istotnych Warunk\u00f3w Zam\u00f3wienia &#8211; og\u0142oszenie<\/a><\/p>\n<p style=\"text-align: left;\">Za\u0142\u0105czniki:<br \/>\n <a href=\"https:\/\/ceogr.edu.pl\/wp-content\/uploads\/2018\/06\/Za\u0142\u0105cznik-nr-1-do-siwz-formularz-ofertowy.doc\" target=\"_blank\" rel=\"noopener noreferrer\">Za\u0142\u0105cznik nr 1 do siwz &#8211; formularz ofertowy<\/a><br \/>\n <a href=\"https:\/\/ceogr.edu.pl\/wp-content\/uploads\/2018\/06\/Za\u0142\u0105cznik-nr-1a-do-siwz-kalkulacja-cenowa.docx\" target=\"_blank\" rel=\"noopener noreferrer\">Za\u0142\u0105cznik nr 1a do siwz &#8211; kalkulacja cenowa<\/a><br \/>\n <a href=\"https:\/\/ceogr.edu.pl\/wp-content\/uploads\/2018\/06\/Za\u0142\u0105cznik-nr-2-do-siwz-o\u015bwiadczenie-o-braku-podstaw-do-wykluczenia.docx\" target=\"_blank\" rel=\"noopener noreferrer\">Za\u0142\u0105cznik nr 2 do siwz &#8211; o\u015bwiadczenie o braku podstaw do wykluczenia<\/a><br \/>\n <a href=\"https:\/\/ceogr.edu.pl\/wp-content\/uploads\/2018\/06\/Za\u0142\u0105cznik-nr-3-do-siwz-wz\u00f3r-umowy.pdf\" target=\"_blank\" rel=\"noopener noreferrer\">Za\u0142\u0105cznik nr 3 do siwz &#8211; wz\u00f3r umowy<\/a><br \/>\n <a href=\"https:\/\/ceogr.edu.pl\/wp-content\/uploads\/2018\/06\/Za\u0142\u0105cznik-nr-4-do-siwz-wz\u00f3r-protoko\u0142u-odbioru.pdf\" target=\"_blank\" rel=\"noopener noreferrer\">Za\u0142\u0105cznik nr 4 do siwz &#8211; wz\u00f3r protoko\u0142u odbioru<\/a><\/p>\n","protected":false},"excerpt":{"rendered":"<p>Szanowni Pa\u0144stwo! Gmina Miasto Szczecin \u2013 Centrum Edukacji Ogrodniczej w Szczecinie adres: ul. Batalion\u00f3w Ch\u0142opskich 115, 70-760 Szczecin e-mail: ceogr@miasto.szczecin.pl tel.: 91 461 23 79 sekretariat fax: 91 4 317-358 <a class=\"more-link\" href=\"https:\/\/ceogr.edu.pl\/?page_id=9153\">Czytaj wi\u0119cej&#8230;<\/a><\/p>\n","protected":false},"author":2,"featured_media":0,"parent":0,"menu_order":0,"comment_status":"closed","ping_status":"closed","template":"","meta":[],"acf":[],"aioseo_notices":[],"_links":{"self":[{"href":"https:\/\/ceogr.edu.pl\/index.php?rest_route=\/wp\/v2\/pages\/9153"}],"collection":[{"href":"https:\/\/ceogr.edu.pl\/index.php?rest_route=\/wp\/v2\/pages"}],"about":[{"href":"https:\/\/ceogr.edu.pl\/index.php?rest_route=\/wp\/v2\/types\/page"}],"author":[{"embeddable":true,"href":"https:\/\/ceogr.edu.pl\/index.php?rest_route=\/wp\/v2\/users\/2"}],"replies":[{"embeddable":true,"href":"https:\/\/ceogr.edu.pl\/index.php?rest_route=%2Fwp%2Fv2%2Fcomments&post=9153"}],"version-history":[{"count":3,"href":"https:\/\/ceogr.edu.pl\/index.php?rest_route=\/wp\/v2\/pages\/9153\/revisions"}],"predecessor-version":[{"id":9173,"href":"https:\/\/ceogr.edu.pl\/index.php?rest_route=\/wp\/v2\/pages\/9153\/revisions\/9173"}],"wp:attachment":[{"href":"https:\/\/ceogr.edu.pl\/index.php?rest_route=%2Fwp%2Fv2%2Fmedia&parent=9153"}],"curies":[{"name":"wp","href":"https:\/\/api.w.org\/{rel}","templated":true}]}}