{"id":8957,"date":"2018-05-16T11:20:40","date_gmt":"2018-05-16T11:20:40","guid":{"rendered":"http:\/\/ceogr.edu.pl\/?page_id=8957"},"modified":"2018-05-17T10:45:41","modified_gmt":"2018-05-17T10:45:41","slug":"dokumentacja-projektu-czas-na-zawodowcow-2","status":"publish","type":"page","link":"https:\/\/ceogr.edu.pl\/?page_id=8957","title":{"rendered":"Dokumentacja projektu \u2013 Czas na zawodowc\u00f3w"},"content":{"rendered":"<p style=\"text-align: center;\"><strong><span style=\"color: #ff0000; font-size: 14pt;\">Szanowni Pa\u0144stwo!<\/span><br \/>\n <\/strong>w zwi\u0105zku z realizacj\u0105 przez nasz\u0105 plac\u00f3wk\u0119 projektu:<\/p>\n<p style=\"text-align: center;\"><span style=\"color: #3366ff; font-size: 14pt;\"><strong>\u201e<em>Czas na zawodowc\u00f3w \u2013 wzrost jako\u015bci kszta\u0142cenia zawodowego szczeci\u0144skich szk\u00f3\u0142<\/em>\u201d<em> \u2013<\/em> <\/strong><\/span><\/p>\n<p style=\"text-align: center;\">zapraszamy do sk\u0142adania ofert na realizacj\u0119 us\u0142ug edukacyjnych i szkoleniowych dla potrzeb Zamawiaj\u0105cego.<br \/>\n Telefon kontaktowy:\u00a0 <strong>91 4612 379<\/strong>\u00a0 lub\u00a0 <strong>505\u00a0496 607<\/strong><\/p>\n<p><a href=\"https:\/\/ceogr.edu.pl\/wp-content\/uploads\/2018\/05\/Baza-konkurencyjno\u015bci-og\u0142oszenie.pdf\" target=\"_blank\" rel=\"noopener noreferrer\">Baza konkurencyjno\u015bci &#8211; og\u0142oszenie<\/a><br \/>\n Za\u0142\u0105czniki:<br \/>\n <a href=\"https:\/\/ceogr.edu.pl\/wp-content\/uploads\/2018\/05\/Zapytanie-ofertowe.pdf\" target=\"_blank\" rel=\"noopener noreferrer\">Zapytanie ofertowe<\/a><br \/>\n <a href=\"https:\/\/ceogr.edu.pl\/wp-content\/uploads\/2018\/05\/Za\u0142\u0105cznik-nr-1-do-ZO-formularz-oferty.docx\" target=\"_blank\" rel=\"noopener noreferrer\">Za\u0142\u0105cznik nr 1 do ZO formularz oferty<\/a><br \/>\n <a href=\"https:\/\/ceogr.edu.pl\/wp-content\/uploads\/2018\/05\/Za\u0142\u0105cznik-nr-2-do-ZO-o\u015bwiadczenie-o-braku-powi\u0105za\u0144.docx\" target=\"_blank\" rel=\"noopener noreferrer\">Za\u0142\u0105cznik nr 2 do ZO o\u015bwiadczenie o braku powi\u0105za\u0144<\/a><br \/>\n <a href=\"https:\/\/ceogr.edu.pl\/wp-content\/uploads\/2018\/05\/Za\u0142\u0105cznik-nr-3-do-ZO-wykaz-us\u0142ug.docx\" target=\"_blank\" rel=\"noopener noreferrer\">Za\u0142\u0105cznik nr 3 do ZO wykaz us\u0142ug<\/a><br \/>\n <a href=\"https:\/\/ceogr.edu.pl\/wp-content\/uploads\/2018\/05\/Za\u0142\u0105cznik-nr-4-umowa-o-wykonanie-us\u0142ug-szkoleniowych.pdf\" target=\"_blank\" rel=\"noopener noreferrer\">Za\u0142\u0105cznik nr 4\u00a0 umowa o wykonanie us\u0142ug szkoleniowych<\/a><br \/>\n <a href=\"https:\/\/ceogr.edu.pl\/wp-content\/uploads\/2018\/05\/Za\u0142\u0105cznik-nr-5-opis-przedmiotu-zam\u00f3wienia.pdf\" target=\"_blank\" rel=\"noopener noreferrer\">Za\u0142\u0105cznik nr 5 opis przedmiotu zam\u00f3wienia<\/a><br \/>\n <a href=\"https:\/\/ceogr.edu.pl\/wp-content\/uploads\/2018\/05\/Za\u0142\u0105cznik-nr-6-do-ZO-listownik.docx\" target=\"_blank\" rel=\"noopener noreferrer\">Za\u0142\u0105cznik nr 6 do ZO listownik<\/a><\/p>\n","protected":false},"excerpt":{"rendered":"<p>Szanowni Pa\u0144stwo! w zwi\u0105zku z realizacj\u0105 przez nasz\u0105 plac\u00f3wk\u0119 projektu: \u201eCzas na zawodowc\u00f3w \u2013 wzrost jako\u015bci kszta\u0142cenia zawodowego szczeci\u0144skich szk\u00f3\u0142\u201d \u2013 zapraszamy do sk\u0142adania ofert na realizacj\u0119 us\u0142ug edukacyjnych i <a class=\"more-link\" href=\"https:\/\/ceogr.edu.pl\/?page_id=8957\">Czytaj wi\u0119cej&#8230;<\/a><\/p>\n","protected":false},"author":2,"featured_media":0,"parent":0,"menu_order":0,"comment_status":"closed","ping_status":"closed","template":"","meta":[],"acf":[],"aioseo_notices":[],"_links":{"self":[{"href":"https:\/\/ceogr.edu.pl\/index.php?rest_route=\/wp\/v2\/pages\/8957"}],"collection":[{"href":"https:\/\/ceogr.edu.pl\/index.php?rest_route=\/wp\/v2\/pages"}],"about":[{"href":"https:\/\/ceogr.edu.pl\/index.php?rest_route=\/wp\/v2\/types\/page"}],"author":[{"embeddable":true,"href":"https:\/\/ceogr.edu.pl\/index.php?rest_route=\/wp\/v2\/users\/2"}],"replies":[{"embeddable":true,"href":"https:\/\/ceogr.edu.pl\/index.php?rest_route=%2Fwp%2Fv2%2Fcomments&post=8957"}],"version-history":[{"count":8,"href":"https:\/\/ceogr.edu.pl\/index.php?rest_route=\/wp\/v2\/pages\/8957\/revisions"}],"predecessor-version":[{"id":8992,"href":"https:\/\/ceogr.edu.pl\/index.php?rest_route=\/wp\/v2\/pages\/8957\/revisions\/8992"}],"wp:attachment":[{"href":"https:\/\/ceogr.edu.pl\/index.php?rest_route=%2Fwp%2Fv2%2Fmedia&parent=8957"}],"curies":[{"name":"wp","href":"https:\/\/api.w.org\/{rel}","templated":true}]}}