{"id":7841,"date":"2017-09-12T08:01:58","date_gmt":"2017-09-12T08:01:58","guid":{"rendered":"http:\/\/ceogr.edu.pl\/?page_id=7841"},"modified":"2017-09-12T08:01:58","modified_gmt":"2017-09-12T08:01:58","slug":"dokumentacja-projektu-czas-na-zawodowcow2","status":"publish","type":"page","link":"https:\/\/ceogr.edu.pl\/?page_id=7841","title":{"rendered":"Dokumentacja projektu \u2013 Czas na zawodowc\u00f3w\u20262"},"content":{"rendered":"<p style=\"text-align: center;\"><strong><span style=\"color: #ff0000; font-size: 14pt;\">Szanowni Pa\u0144stwo!<\/span><br \/>\n <\/strong>w zwi\u0105zku z realizacj\u0105 przez nasz\u0105 plac\u00f3wk\u0119 projektu:<\/p>\n<p style=\"text-align: center;\"><span style=\"color: #3366ff; font-size: 14pt;\"><strong>\u201e<em>Czas na zawodowc\u00f3w \u2013 wzrost jako\u015bci kszta\u0142cenia zawodowego szczeci\u0144skich szk\u00f3\u0142<\/em>\u201d<em> \u2013<\/em> <\/strong><\/span><\/p>\n<p style=\"text-align: center;\">zapraszamy do ponownego sk\u0142adania ofert na realizacj\u0119 us\u0142ug edukacyjnych i szkoleniowych dla potrzeb Zamawiaj\u0105cego.<br \/>\n Telefon kontaktowy:\u00a0 <strong>91 4612 379<\/strong>\u00a0 lub\u00a0 <strong>505\u00a0496 607<\/strong><\/p>\n<p>Za\u0142\u0105czniki:<br \/>\n <a href=\"https:\/\/ceogr.edu.pl\/wp-content\/uploads\/2017\/09\/Og\u0142oszenie-o-zam\u00f3wieniu.pdf\" target=\"_blank\" rel=\"noopener noreferrer\">Og\u0142oszenie o zam\u00f3wieniu CEO<\/a><br \/>\n <a href=\"https:\/\/ceogr.edu.pl\/wp-content\/uploads\/2017\/09\/Za\u0142\u0105cznik-do-og\u0142oszenia-Instrukcja-dla-Wykonawcy.pdf\" target=\"_blank\" rel=\"noopener noreferrer\">Za\u0142\u0105cznik do og\u0142oszenia \u2013 Instrukcja dla Wykonawcy<\/a><br \/>\n <a href=\"https:\/\/ceogr.edu.pl\/wp-content\/uploads\/2017\/09\/Za\u0142\u0105cznik-nr-1-do-Instrukcji-dla-Wykonawcy-Formularz-ofertowy.pdf\" target=\"_blank\" rel=\"noopener noreferrer\">\u00a0\u00a0 \u2013 Za\u0142\u0105cznik nr 1 do instrukcji dla Wykonawcy \u2013 Formularz oferty<\/a><br \/>\n <a href=\"https:\/\/ceogr.edu.pl\/wp-content\/uploads\/2017\/09\/Za\u0142\u0105cznik-nr-2-do-Instrukcji-dla-Wykonawcy-O\u015bwiadczenie-Wykonawcy-o-braku-podstaw-wykluczenia.pdf\" target=\"_blank\" rel=\"noopener noreferrer\">\u00a0\u00a0 \u2013 Za\u0142\u0105cznik nr 2 do instrukcji dla Wykonawcy \u2013 O\u015bwiadczenie Wykonawcy o braku podstaw wykluczenia<\/a><br \/>\n <a href=\"https:\/\/ceogr.edu.pl\/wp-content\/uploads\/2017\/09\/Za\u0142\u0105cznik-nr-3-do-Instrukcji-dla-Wykonawcy-Wykaz-us\u0142ug.pdf\" target=\"_blank\" rel=\"noopener noreferrer\">\u00a0\u00a0 \u2013 Za\u0142\u0105cznik nr 3 do Instrukcji dla Wykonawcy \u2013 Wykaz us\u0142ug<\/a><br \/>\n <a href=\"https:\/\/ceogr.edu.pl\/wp-content\/uploads\/2017\/09\/Za\u0142\u0105cznik-nr-4-do-Instrukcji-dla-Wykonawcy-Umowa-o-wykonanie-us\u0142ug-szkoleniowych.pdf\" target=\"_blank\" rel=\"noopener noreferrer\">\u00a0\u00a0 \u2013 Za\u0142\u0105cznik nr 4 do Instrukcji dla Wykonawcy \u2013 Umowa o wykonanie us\u0142ug szkoleniowych<\/a><br \/>\n <a href=\"https:\/\/ceogr.edu.pl\/wp-content\/uploads\/2017\/09\/Za\u0142\u0105cznik-nr-5-do-Instrukcji-dla-Wykonawcy-Listownik-.pdf\" target=\"_blank\" rel=\"noopener noreferrer\">\u00a0\u00a0 \u2013 Za\u0142\u0105cznik nr 5 do Instrukcji dla Wykonawcy \u2013 Listownik<\/a><\/p>\n","protected":false},"excerpt":{"rendered":"<p>Szanowni Pa\u0144stwo! w zwi\u0105zku z realizacj\u0105 przez nasz\u0105 plac\u00f3wk\u0119 projektu: \u201eCzas na zawodowc\u00f3w \u2013 wzrost jako\u015bci kszta\u0142cenia zawodowego szczeci\u0144skich szk\u00f3\u0142\u201d \u2013 zapraszamy do ponownego sk\u0142adania ofert na realizacj\u0119 us\u0142ug edukacyjnych <a class=\"more-link\" href=\"https:\/\/ceogr.edu.pl\/?page_id=7841\">Czytaj wi\u0119cej&#8230;<\/a><\/p>\n","protected":false},"author":2,"featured_media":0,"parent":0,"menu_order":0,"comment_status":"closed","ping_status":"closed","template":"","meta":[],"acf":[],"aioseo_notices":[],"_links":{"self":[{"href":"https:\/\/ceogr.edu.pl\/index.php?rest_route=\/wp\/v2\/pages\/7841"}],"collection":[{"href":"https:\/\/ceogr.edu.pl\/index.php?rest_route=\/wp\/v2\/pages"}],"about":[{"href":"https:\/\/ceogr.edu.pl\/index.php?rest_route=\/wp\/v2\/types\/page"}],"author":[{"embeddable":true,"href":"https:\/\/ceogr.edu.pl\/index.php?rest_route=\/wp\/v2\/users\/2"}],"replies":[{"embeddable":true,"href":"https:\/\/ceogr.edu.pl\/index.php?rest_route=%2Fwp%2Fv2%2Fcomments&post=7841"}],"version-history":[{"count":8,"href":"https:\/\/ceogr.edu.pl\/index.php?rest_route=\/wp\/v2\/pages\/7841\/revisions"}],"predecessor-version":[{"id":7856,"href":"https:\/\/ceogr.edu.pl\/index.php?rest_route=\/wp\/v2\/pages\/7841\/revisions\/7856"}],"wp:attachment":[{"href":"https:\/\/ceogr.edu.pl\/index.php?rest_route=%2Fwp%2Fv2%2Fmedia&parent=7841"}],"curies":[{"name":"wp","href":"https:\/\/api.w.org\/{rel}","templated":true}]}}