{"id":7699,"date":"2017-08-14T10:46:24","date_gmt":"2017-08-14T10:46:24","guid":{"rendered":"http:\/\/ceogr.edu.pl\/?page_id=7699"},"modified":"2017-08-24T20:48:50","modified_gmt":"2017-08-24T20:48:50","slug":"dokumentacja-projektu-czas-na-zawodowcow","status":"publish","type":"page","link":"https:\/\/ceogr.edu.pl\/?page_id=7699","title":{"rendered":"Dokumentacja projektu &#8211; Czas na zawodowc\u00f3w&#8230;"},"content":{"rendered":"<p style=\"text-align: center;\"><strong><span style=\"color: #ff0000; font-size: 18pt;\">Szanowni Pa\u0144stwo!<\/span><br \/>\n<\/strong>w zwi\u0105zku z realizacj\u0105 przez nasz\u0105 plac\u00f3wk\u0119 projektu:<\/p>\n<p style=\"text-align: center;\"><span style=\"font-size: 14pt; color: #3366ff;\"><strong>\u201e<em>Czas na zawodowc\u00f3w \u2013 wzrost jako\u015bci kszta\u0142cenia zawodowego szczeci\u0144skich szk\u00f3\u0142<\/em>\u201d<em> \u2013<\/em> <\/strong><\/span><\/p>\n<p style=\"text-align: center;\">zapraszamy do sk\u0142adania ofert na realizacj\u0119 us\u0142ug edukacyjnych i szkoleniowych dla potrzeb Zamawiaj\u0105cego.<br \/>\n<span style=\"text-decoration: underline;\">Telefon kontaktowy:<\/span>\u00a0 <span style=\"font-size: 12pt;\"><strong>91 4612 379<\/strong><\/span>\u00a0 lub\u00a0 <span style=\"font-size: 12pt;\"><strong>505\u00a0496 607<\/strong><\/span><\/p>\n<p style=\"text-align: left;\"><span style=\"text-decoration: underline;\">Za\u0142\u0105czniki:<br \/>\n<\/span><a href=\"https:\/\/ceogr.edu.pl\/wp-content\/uploads\/2017\/08\/Og\u0142oszenie-o-zam\u00f3wieniu-CEO.pdf\" target=\"_blank\" rel=\"noopener noreferrer\">Og\u0142oszenie o zam\u00f3wieniu. CEO<\/a><br \/>\n<a href=\"https:\/\/ceogr.edu.pl\/wp-content\/uploads\/2017\/08\/Za\u0142\u0105cznik-do-og\u0142oszenia-Instrukcja-dla-Wykonawcy.pdf\" target=\"_blank\" rel=\"noopener noreferrer\">Za\u0142\u0105cznik do og\u0142oszenia &#8211; Instrukcja dla Wykonawcy<\/a><br \/>\n<a href=\"https:\/\/ceogr.edu.pl\/wp-content\/uploads\/2017\/08\/Za\u0142\u0105cznik-nr-1-do-instrukcji-wykonawc\u00f3w-formularz-ofertowy.pdf\" target=\"_blank\" rel=\"noopener noreferrer\">\u00a0\u00a0 &#8211; Za\u0142\u0105cznik nr 1 do instrukcji dla Wykonawcy &#8211; Formularz oferty<\/a><br \/>\n<a href=\"https:\/\/ceogr.edu.pl\/wp-content\/uploads\/2017\/08\/Za\u0142\u0105cznik-nr-2-do-instrukcji-o\u015bwiadczenie-o-wykluczeniu.pdf\" target=\"_blank\" rel=\"noopener noreferrer\">\u00a0\u00a0 &#8211; Za\u0142\u0105cznik nr 2 do instrukcji dla Wykonawcy &#8211; O\u015bwiadczenie Wykonawcy o braku podstaw wykluczenia<\/a><br \/>\n<a href=\"https:\/\/ceogr.edu.pl\/wp-content\/uploads\/2017\/08\/Za\u0142\u0105cznik-nr-3-do-instrukcji-wykonawc\u00f3w-wykaz-us\u0142ug.pdf\" target=\"_blank\" rel=\"noopener noreferrer\">\u00a0\u00a0 &#8211; Za\u0142\u0105cznik nr 3 do Instrukcji dla Wykonawcy &#8211; Wykaz us\u0142ug<\/a><br \/>\n<a href=\"https:\/\/ceogr.edu.pl\/wp-content\/uploads\/2017\/08\/Za\u0142\u0105cznik-nr-4-do-Instrukcji-umowa.pdf\" target=\"_blank\" rel=\"noopener noreferrer\">\u00a0\u00a0 &#8211; Za\u0142\u0105cznik nr 4 do Instrukcji dla Wykonawcy &#8211; Umowa o wykonanie us\u0142ug szkoleniowych<\/a><br \/>\n<a href=\"https:\/\/ceogr.edu.pl\/wp-content\/uploads\/2017\/08\/Za\u0142\u0105cznik-nr-5-do-instrukcji-listownik.pdf\" target=\"_blank\" rel=\"noopener noreferrer\">\u00a0\u00a0 &#8211; Za\u0142\u0105cznik nr 5 do Instrukcji dla Wykonawcy &#8211; Listownik<\/a><\/p>\n","protected":false},"excerpt":{"rendered":"<p>Szanowni Pa\u0144stwo! w zwi\u0105zku z realizacj\u0105 przez nasz\u0105 plac\u00f3wk\u0119 projektu: \u201eCzas na zawodowc\u00f3w \u2013 wzrost jako\u015bci kszta\u0142cenia zawodowego szczeci\u0144skich szk\u00f3\u0142\u201d \u2013 zapraszamy do sk\u0142adania ofert na realizacj\u0119 us\u0142ug edukacyjnych i <a class=\"more-link\" href=\"https:\/\/ceogr.edu.pl\/?page_id=7699\">Czytaj wi\u0119cej&#8230;<\/a><\/p>\n","protected":false},"author":2,"featured_media":0,"parent":0,"menu_order":0,"comment_status":"closed","ping_status":"closed","template":"","meta":[],"acf":[],"aioseo_notices":[],"_links":{"self":[{"href":"https:\/\/ceogr.edu.pl\/index.php?rest_route=\/wp\/v2\/pages\/7699"}],"collection":[{"href":"https:\/\/ceogr.edu.pl\/index.php?rest_route=\/wp\/v2\/pages"}],"about":[{"href":"https:\/\/ceogr.edu.pl\/index.php?rest_route=\/wp\/v2\/types\/page"}],"author":[{"embeddable":true,"href":"https:\/\/ceogr.edu.pl\/index.php?rest_route=\/wp\/v2\/users\/2"}],"replies":[{"embeddable":true,"href":"https:\/\/ceogr.edu.pl\/index.php?rest_route=%2Fwp%2Fv2%2Fcomments&post=7699"}],"version-history":[{"count":8,"href":"https:\/\/ceogr.edu.pl\/index.php?rest_route=\/wp\/v2\/pages\/7699\/revisions"}],"predecessor-version":[{"id":7776,"href":"https:\/\/ceogr.edu.pl\/index.php?rest_route=\/wp\/v2\/pages\/7699\/revisions\/7776"}],"wp:attachment":[{"href":"https:\/\/ceogr.edu.pl\/index.php?rest_route=%2Fwp%2Fv2%2Fmedia&parent=7699"}],"curies":[{"name":"wp","href":"https:\/\/api.w.org\/{rel}","templated":true}]}}