{"id":6991,"date":"2017-03-08T16:39:37","date_gmt":"2017-03-08T16:39:37","guid":{"rendered":"http:\/\/ceogr.edu.pl\/?page_id=6991"},"modified":"2024-11-21T13:42:54","modified_gmt":"2024-11-21T13:42:54","slug":"harmonogram-zebran","status":"publish","type":"page","link":"https:\/\/ceogr.edu.pl\/?page_id=6991","title":{"rendered":"Harmonogram zebra\u0144"},"content":{"rendered":"<p style=\"text-align: left;\"><span style=\"color: #ff0000;\"><span style=\"font-size: 12pt;\"><strong>Harmonogram zebra\u0144 z rodzicami\/opiekunami prawnymi<br \/>\n<\/strong><\/span><strong>w Zespole Szk\u00f3\u0142 Centrum Kszta\u0142cenia Rolniczego w Szczecinie<br \/>\nw roku szkolnym 2024\/2025<\/strong><\/span><\/p>\n<ul>\n<li>12.12.2024<\/li>\n<li>13.03.2025<\/li>\n<li>22.05.2025<\/li>\n<\/ul>\n<p>*zebrania w sytuacji zagro\u017cenia i wytycznych w danym okresie, mog\u0105 odbywa\u0107 si\u0119 online oraz ich termin mo\u017ce si\u0119 zmieni\u0107<\/p>\n","protected":false},"excerpt":{"rendered":"<p>Harmonogram zebra\u0144 z rodzicami\/opiekunami prawnymi w Zespole Szk\u00f3\u0142 Centrum Kszta\u0142cenia Rolniczego w Szczecinie w roku szkolnym 2024\/2025 12.12.2024 13.03.2025 22.05.2025 *zebrania w sytuacji zagro\u017cenia i wytycznych w danym okresie, mog\u0105 <a class=\"more-link\" href=\"https:\/\/ceogr.edu.pl\/?page_id=6991\">Czytaj wi\u0119cej&#8230;<\/a><\/p>\n","protected":false},"author":1,"featured_media":0,"parent":0,"menu_order":0,"comment_status":"closed","ping_status":"closed","template":"","meta":[],"acf":[],"aioseo_notices":[],"_links":{"self":[{"href":"https:\/\/ceogr.edu.pl\/index.php?rest_route=\/wp\/v2\/pages\/6991"}],"collection":[{"href":"https:\/\/ceogr.edu.pl\/index.php?rest_route=\/wp\/v2\/pages"}],"about":[{"href":"https:\/\/ceogr.edu.pl\/index.php?rest_route=\/wp\/v2\/types\/page"}],"author":[{"embeddable":true,"href":"https:\/\/ceogr.edu.pl\/index.php?rest_route=\/wp\/v2\/users\/1"}],"replies":[{"embeddable":true,"href":"https:\/\/ceogr.edu.pl\/index.php?rest_route=%2Fwp%2Fv2%2Fcomments&post=6991"}],"version-history":[{"count":14,"href":"https:\/\/ceogr.edu.pl\/index.php?rest_route=\/wp\/v2\/pages\/6991\/revisions"}],"predecessor-version":[{"id":17906,"href":"https:\/\/ceogr.edu.pl\/index.php?rest_route=\/wp\/v2\/pages\/6991\/revisions\/17906"}],"wp:attachment":[{"href":"https:\/\/ceogr.edu.pl\/index.php?rest_route=%2Fwp%2Fv2%2Fmedia&parent=6991"}],"curies":[{"name":"wp","href":"https:\/\/api.w.org\/{rel}","templated":true}]}}