{"id":5270,"date":"2016-01-20T06:51:24","date_gmt":"2016-01-20T06:51:24","guid":{"rendered":"http:\/\/ceogr.edu.pl\/?page_id=5270"},"modified":"2016-01-20T06:56:45","modified_gmt":"2016-01-20T06:56:45","slug":"seminarium-ogrodnicze-2015","status":"publish","type":"page","link":"https:\/\/ceogr.edu.pl\/?page_id=5270","title":{"rendered":"SEMINARIUM OGRODNICZE 2015"},"content":{"rendered":"\n<div class=\"wpcf7 no-js\" id=\"wpcf7-f4633-o1\" lang=\"pl-PL\" dir=\"ltr\">\n<div class=\"screen-reader-response\"><p role=\"status\" aria-live=\"polite\" aria-atomic=\"true\"><\/p> <ul><\/ul><\/div>\n<form action=\"\/index.php?rest_route=%2Fwp%2Fv2%2Fpages%2F5270#wpcf7-f4633-o1\" method=\"post\" class=\"wpcf7-form init\" aria-label=\"Formularz kontaktowy\" novalidate=\"novalidate\" data-status=\"init\">\n<div style=\"display: none;\">\n<input type=\"hidden\" name=\"_wpcf7\" value=\"4633\" \/>\n<input type=\"hidden\" name=\"_wpcf7_version\" value=\"5.7.7\" \/>\n<input type=\"hidden\" name=\"_wpcf7_locale\" value=\"pl_PL\" \/>\n<input type=\"hidden\" name=\"_wpcf7_unit_tag\" value=\"wpcf7-f4633-o1\" \/>\n<input type=\"hidden\" name=\"_wpcf7_container_post\" value=\"0\" \/>\n<input type=\"hidden\" name=\"_wpcf7_posted_data_hash\" value=\"\" \/>\n<\/div>\n<div id=\"top_niebieski\">\n\t<ul>\n\t\t<li>\n\t\t\t<p><a href=\"\/?page_id=4092\" title=\"Strona g\u0142\u00f3wna\">Strona g\u0142\u00f3wna<\/a>\n\t\t\t<\/p>\n\t\t<\/li>\n\t\t<li>\n\t\t\t<p><a href=\"\/?page_id=4081\" title=\"Kwalifikacyjne Kursy Zawodowe\">K K Z<\/a>\n\t\t\t<\/p>\n\t\t<\/li>\n\t\t<li>\n\t\t\t<p><a href=\"\/?page_id=4127\" title=\"Praktyki zawodowe \u2013 oferta\">Praktyki<\/a>\n\t\t\t<\/p>\n\t\t<\/li>\n\t\t<li>\n\t\t\t<p><a href=\"\/?page_id=4647\" title=\"Seminaria\">Seminaria<\/a>\n\t\t\t<\/p>\n\t\t<\/li>\n\t<\/ul>\n<\/div>\n<p><br \/>\n<!--top_niebieski-->\n<\/p><input type='hidden' class='wpcf7-pum' value='{\"closepopup\":false,\"closedelay\":0,\"openpopup\":false,\"openpopup_id\":0}' \/><div class=\"wpcf7-response-output\" aria-hidden=\"true\"><\/div>\n<\/form>\n<\/div>\n\n<p>Organizowanego przez\u00a0Centrum\u00a0Edukacji Ogrodniczej w Szczecinie dla ogrodnik\u00f3w \u015brodowiska lokalnego oraz rodzic\u00f3w i uczni\u00f3w zainteresowanych w dniu\u00a0<strong>06 lutego 2015 roku o godzinie 10.00, sala \u2013 54.<\/strong><\/p>\n<p><strong>Program spotkania:<\/strong><\/p>\n<ul>\n<li><strong>15 \u2013 11.30 \u2013 Nowo\u015bci odmian warzyw gruntowych i szklarniowych na sezon 2015<br \/><\/strong>Prowadz\u0105cy: Wies\u0142aw Jakubowski \u2013 firma HAZERA POLAND<\/li>\n<\/ul>\n<ul>\n<li><strong>30 \u2013 12.45 \u2013 Produkcja i przechowalnictwo warzyw z wykorzystaniem probioem\u00f3w<br \/><\/strong>Prowadz\u0105cy: Piotr Krajewski \u2013 firma GOSPODARSTWO ROLNO-OGRODNICZE KRAJEWSCY<\/li>\n<\/ul>\n<ul>\n<li><strong>12.45 \u2013 13.00 \u2013 Przerwa na kaw\u0119<\/strong><\/li>\n<\/ul>\n<ul>\n<li><strong>00 \u2013 14.15 \u2013 Biologizacja miast i wsi<br \/><\/strong>Prowadz\u0105cy: Jacek Wereszczaka \u2013 Przewodnicz\u0105cy Rady Naukowo Programowej Stowarzyszenia EkosystEM \u2013 Dziedzictwo Natury<\/li>\n<\/ul>\n<ul>\n<li><strong>15 \u2013 15.15 \u2013 Specjalistyczne pod\u0142o\u017ca ogrodnicze oraz nawozy mineralne i organiczno-mineralne firmy KRONEN<br \/><\/strong>Prowadz\u0105cy: W\u0142adys\u0142aw Jakubik \u2013 firma LASLAND<\/li>\n<\/ul>\n<ul>\n<li><strong>15.15 \u2013 15.30 \u2013 Panel dyskusyjny<\/strong><\/li>\n<\/ul>\n<p><strong>Patronat: <\/strong><\/p>\n<ul>\n<li><strong>LASLAND Sp\u00f3\u0142ka z o. o.<\/strong><\/li>\n<li><strong>Probiotics Polska<\/strong><\/li>\n<\/ul>\n","protected":false},"excerpt":{"rendered":"<p>Organizowanego przez\u00a0Centrum\u00a0Edukacji Ogrodniczej w Szczecinie dla ogrodnik\u00f3w \u015brodowiska lokalnego oraz rodzic\u00f3w i uczni\u00f3w zainteresowanych w dniu\u00a006 lutego 2015 roku o godzinie 10.00, sala \u2013 54. Program spotkania: 15 \u2013 11.30 <a class=\"more-link\" href=\"https:\/\/ceogr.edu.pl\/?page_id=5270\">Czytaj wi\u0119cej&#8230;<\/a><\/p>\n","protected":false},"author":1,"featured_media":0,"parent":0,"menu_order":0,"comment_status":"closed","ping_status":"closed","template":"","meta":[],"acf":[],"aioseo_notices":[],"_links":{"self":[{"href":"https:\/\/ceogr.edu.pl\/index.php?rest_route=\/wp\/v2\/pages\/5270"}],"collection":[{"href":"https:\/\/ceogr.edu.pl\/index.php?rest_route=\/wp\/v2\/pages"}],"about":[{"href":"https:\/\/ceogr.edu.pl\/index.php?rest_route=\/wp\/v2\/types\/page"}],"author":[{"embeddable":true,"href":"https:\/\/ceogr.edu.pl\/index.php?rest_route=\/wp\/v2\/users\/1"}],"replies":[{"embeddable":true,"href":"https:\/\/ceogr.edu.pl\/index.php?rest_route=%2Fwp%2Fv2%2Fcomments&post=5270"}],"version-history":[{"count":5,"href":"https:\/\/ceogr.edu.pl\/index.php?rest_route=\/wp\/v2\/pages\/5270\/revisions"}],"predecessor-version":[{"id":5276,"href":"https:\/\/ceogr.edu.pl\/index.php?rest_route=\/wp\/v2\/pages\/5270\/revisions\/5276"}],"wp:attachment":[{"href":"https:\/\/ceogr.edu.pl\/index.php?rest_route=%2Fwp%2Fv2%2Fmedia&parent=5270"}],"curies":[{"name":"wp","href":"https:\/\/api.w.org\/{rel}","templated":true}]}}