{"id":4655,"date":"2015-11-04T21:59:33","date_gmt":"2015-11-04T21:59:33","guid":{"rendered":"http:\/\/ceogr.edu.pl\/?page_id=4655"},"modified":"2015-11-05T07:55:14","modified_gmt":"2015-11-05T07:55:14","slug":"seminarium-ogrodnicze-2012","status":"publish","type":"page","link":"https:\/\/ceogr.edu.pl\/?page_id=4655","title":{"rendered":"SEMINARIUM OGRODNICZE 2012"},"content":{"rendered":"\n<div class=\"wpcf7 no-js\" id=\"wpcf7-f4633-o1\" lang=\"pl-PL\" dir=\"ltr\">\n<div class=\"screen-reader-response\"><p role=\"status\" aria-live=\"polite\" aria-atomic=\"true\"><\/p> <ul><\/ul><\/div>\n<form action=\"\/index.php?rest_route=%2Fwp%2Fv2%2Fpages%2F4655#wpcf7-f4633-o1\" method=\"post\" class=\"wpcf7-form init\" aria-label=\"Formularz kontaktowy\" novalidate=\"novalidate\" data-status=\"init\">\n<div style=\"display: none;\">\n<input type=\"hidden\" name=\"_wpcf7\" value=\"4633\" \/>\n<input type=\"hidden\" name=\"_wpcf7_version\" value=\"5.7.7\" \/>\n<input type=\"hidden\" name=\"_wpcf7_locale\" value=\"pl_PL\" \/>\n<input type=\"hidden\" name=\"_wpcf7_unit_tag\" value=\"wpcf7-f4633-o1\" \/>\n<input type=\"hidden\" name=\"_wpcf7_container_post\" value=\"0\" \/>\n<input type=\"hidden\" name=\"_wpcf7_posted_data_hash\" value=\"\" \/>\n<\/div>\n<div id=\"top_niebieski\">\n\t<ul>\n\t\t<li>\n\t\t\t<p><a href=\"\/?page_id=4092\" title=\"Strona g\u0142\u00f3wna\">Strona g\u0142\u00f3wna<\/a>\n\t\t\t<\/p>\n\t\t<\/li>\n\t\t<li>\n\t\t\t<p><a href=\"\/?page_id=4081\" title=\"Kwalifikacyjne Kursy Zawodowe\">K K Z<\/a>\n\t\t\t<\/p>\n\t\t<\/li>\n\t\t<li>\n\t\t\t<p><a href=\"\/?page_id=4127\" title=\"Praktyki zawodowe \u2013 oferta\">Praktyki<\/a>\n\t\t\t<\/p>\n\t\t<\/li>\n\t\t<li>\n\t\t\t<p><a href=\"\/?page_id=4647\" title=\"Seminaria\">Seminaria<\/a>\n\t\t\t<\/p>\n\t\t<\/li>\n\t<\/ul>\n<\/div>\n<p><br \/>\n<!--top_niebieski-->\n<\/p><input type='hidden' class='wpcf7-pum' value='{\"closepopup\":false,\"closedelay\":0,\"openpopup\":false,\"openpopup_id\":0}' \/><div class=\"wpcf7-response-output\" aria-hidden=\"true\"><\/div>\n<\/form>\n<\/div>\n\n<p><img loading=\"lazy\" class=\"alignleft size-thumbnail wp-image-154\" style=\"margin-left: 10px; margin-right: 10px;\" title=\"SEMINARIUM OGRODNICZE 2012\" src=\"https:\/\/ceogr.edu.pl\/wp-osrodek\/wp-content\/uploads\/2012\/12\/p1020671_z-150x150.jpg\" alt=\"\" width=\"150\" height=\"150\" \/>\u00a0\u00a0\u00a0\u00a0 Dnia 10 lutego 2012 roku Centrum Edukacji Ogrodniczej by\u0142o gospodarzem kolejnego Seminarium Ogrodniczego, organizowanego z my\u015bl\u0105 o uczniach, rodzicach, nauczycielach oraz ogrodnikach \u015brodowiska lokalnego. Wszystkich zainteresowanych w tajniki nowo\u015bci ogrodniczych wprowadzili przedstawiciele wiod\u0105cych firm: Lasland, Kronen-Klasmann, Zak\u0142ady Chemiczne Police S.A., Nickerson-Zwaan oraz Bayer Sp. z o. o.<\/p>\n<p>&nbsp;<\/p>\n<p>Program Seminarium zosta\u0142 podzielony na kilka etap\u00f3w, obejmuj\u0105cych kolejno:<\/p>\n<ol>\n<li>\u00a0\u201eNowo\u015bci w zakresie nawo\u017cenia upraw warzyw w gruncie\u201d:\n<ul style=\"list-style-type: circle;\">\n<li>Pan Adam Grze\u015bkowiak \u2013 przedstawiciel firmy ZAK\u0141ADY CHEMICZNE POLICE S.A.;<\/li>\n<\/ul>\n<\/li>\n<li>\u00a0\u201eNajnowsze propozycje odmian warzyw do uprawy w gruncie i pod os\u0142onami na sezon 2012\u201d:\n<ul style=\"list-style-type: circle;\">\n<li>\u00a0Pan Wies\u0142aw Jakubowski \u2013 przedstawiciel firmy NICKERSON-ZWAAN Sp\u00f3\u0142ka z o. o.;<\/li>\n<\/ul>\n<\/li>\n<li>\u201eProdukty BAYER TWOJA DZIA\u0141KA w uprawach amatorskich\u201d:\n<ul style=\"list-style-type: circle;\">\n<li>\u00a0Pani Emilia S\u0142awianowska \u2013 przedstawiciel firmy BAYER Sp\u00f3\u0142ka z o.o.<\/li>\n<\/ul>\n<\/li>\n<\/ol>\n<p>Pomi\u0119dzy prezentacjami uczestnicy mieli okazj\u0119 do konsultacji i wymiany do\u015bwiadcze\u0144 przy serwisie kawowym. Czas sp\u0119dzony na spotkaniu by\u0142 dla wszystkich przyjemny i owocny. Tegoroczne Seminarium Ogrodnicze odby\u0142o si\u0119 pod patronatem firm: Kronen-Klasmann oraz Zak\u0142ady Chemiczne Police S.A.<\/p>\n<blockquote>\n<h4><strong><span style=\"color: #993300;\"><a title=\"Pi\u0119kny fotoalbum\" href=\"\/wp-content\/fotoalbum\/seminarium10022012\/index.html\"><span style=\"color: #993300;\">FOTO \u00a0ALBUM<\/span><\/a><\/span><\/strong><\/h4>\n<\/blockquote>\n","protected":false},"excerpt":{"rendered":"<p>\u00a0\u00a0\u00a0\u00a0 Dnia 10 lutego 2012 roku Centrum Edukacji Ogrodniczej by\u0142o gospodarzem kolejnego Seminarium Ogrodniczego, organizowanego z my\u015bl\u0105 o uczniach, rodzicach, nauczycielach oraz ogrodnikach \u015brodowiska lokalnego. Wszystkich zainteresowanych w tajniki nowo\u015bci <a class=\"more-link\" href=\"https:\/\/ceogr.edu.pl\/?page_id=4655\">Czytaj wi\u0119cej&#8230;<\/a><\/p>\n","protected":false},"author":1,"featured_media":0,"parent":0,"menu_order":0,"comment_status":"closed","ping_status":"closed","template":"","meta":[],"acf":[],"aioseo_notices":[],"_links":{"self":[{"href":"https:\/\/ceogr.edu.pl\/index.php?rest_route=\/wp\/v2\/pages\/4655"}],"collection":[{"href":"https:\/\/ceogr.edu.pl\/index.php?rest_route=\/wp\/v2\/pages"}],"about":[{"href":"https:\/\/ceogr.edu.pl\/index.php?rest_route=\/wp\/v2\/types\/page"}],"author":[{"embeddable":true,"href":"https:\/\/ceogr.edu.pl\/index.php?rest_route=\/wp\/v2\/users\/1"}],"replies":[{"embeddable":true,"href":"https:\/\/ceogr.edu.pl\/index.php?rest_route=%2Fwp%2Fv2%2Fcomments&post=4655"}],"version-history":[{"count":9,"href":"https:\/\/ceogr.edu.pl\/index.php?rest_route=\/wp\/v2\/pages\/4655\/revisions"}],"predecessor-version":[{"id":4673,"href":"https:\/\/ceogr.edu.pl\/index.php?rest_route=\/wp\/v2\/pages\/4655\/revisions\/4673"}],"wp:attachment":[{"href":"https:\/\/ceogr.edu.pl\/index.php?rest_route=%2Fwp%2Fv2%2Fmedia&parent=4655"}],"curies":[{"name":"wp","href":"https:\/\/api.w.org\/{rel}","templated":true}]}}