{"id":4652,"date":"2015-11-04T21:57:50","date_gmt":"2015-11-04T21:57:50","guid":{"rendered":"http:\/\/ceogr.edu.pl\/?page_id=4652"},"modified":"2015-11-04T22:10:47","modified_gmt":"2015-11-04T22:10:47","slug":"seminarium-ogrodnicze-2011","status":"publish","type":"page","link":"https:\/\/ceogr.edu.pl\/?page_id=4652","title":{"rendered":"SEMINARIUM OGRODNICZE 2011"},"content":{"rendered":"\n<div class=\"wpcf7 no-js\" id=\"wpcf7-f4633-o1\" lang=\"pl-PL\" dir=\"ltr\">\n<div class=\"screen-reader-response\"><p role=\"status\" aria-live=\"polite\" aria-atomic=\"true\"><\/p> <ul><\/ul><\/div>\n<form action=\"\/index.php?rest_route=%2Fwp%2Fv2%2Fpages%2F4652#wpcf7-f4633-o1\" method=\"post\" class=\"wpcf7-form init\" aria-label=\"Formularz kontaktowy\" novalidate=\"novalidate\" data-status=\"init\">\n<div style=\"display: none;\">\n<input type=\"hidden\" name=\"_wpcf7\" value=\"4633\" \/>\n<input type=\"hidden\" name=\"_wpcf7_version\" value=\"5.7.7\" \/>\n<input type=\"hidden\" name=\"_wpcf7_locale\" value=\"pl_PL\" \/>\n<input type=\"hidden\" name=\"_wpcf7_unit_tag\" value=\"wpcf7-f4633-o1\" \/>\n<input type=\"hidden\" name=\"_wpcf7_container_post\" value=\"0\" \/>\n<input type=\"hidden\" name=\"_wpcf7_posted_data_hash\" value=\"\" \/>\n<\/div>\n<div id=\"top_niebieski\">\n\t<ul>\n\t\t<li>\n\t\t\t<p><a href=\"\/?page_id=4092\" title=\"Strona g\u0142\u00f3wna\">Strona g\u0142\u00f3wna<\/a>\n\t\t\t<\/p>\n\t\t<\/li>\n\t\t<li>\n\t\t\t<p><a href=\"\/?page_id=4081\" title=\"Kwalifikacyjne Kursy Zawodowe\">K K Z<\/a>\n\t\t\t<\/p>\n\t\t<\/li>\n\t\t<li>\n\t\t\t<p><a href=\"\/?page_id=4127\" title=\"Praktyki zawodowe \u2013 oferta\">Praktyki<\/a>\n\t\t\t<\/p>\n\t\t<\/li>\n\t\t<li>\n\t\t\t<p><a href=\"\/?page_id=4647\" title=\"Seminaria\">Seminaria<\/a>\n\t\t\t<\/p>\n\t\t<\/li>\n\t<\/ul>\n<\/div>\n<p><br \/>\n<!--top_niebieski-->\n<\/p><input type='hidden' class='wpcf7-pum' value='{\"closepopup\":false,\"closedelay\":0,\"openpopup\":false,\"openpopup_id\":0}' \/><div class=\"wpcf7-response-output\" aria-hidden=\"true\"><\/div>\n<\/form>\n<\/div>\n\n<p>W dniu 11.02.2011 r. odby\u0142o si\u0119 Seminarium Ogrodnicze w Zespole Szk\u00f3\u0142 Ogrodniczych w Szczecinie. <br \/><strong>Program spotkania:<\/strong><\/p>\n<ol>\n<li>&#8222;Nowe&#8221; w produkcji i przygotowaniu pod\u0142o\u017cy torfowych dla profesjonalist\u00f3w i amator\u00f3w:\n<ul>\n<li>Pan W\u0142adys\u0142aw Jakubik &#8211; Firma LASLAND<\/li>\n<li>Pan Jacek St\u0119powski &#8211; Firma KRONEN KLASMANN<\/li>\n<\/ul>\n<\/li>\n<li>\u00a0Najnowsze &#8222;kreacje warzywnicze&#8221; proponowane na sezon 2011:\n<ul>\n<li>Pan Wies\u0142aw Jakubowski &#8211; Firma NICKERSON-ZWAAN<\/li>\n<\/ul>\n<\/li>\n<li>Doradztwo w zakresie zaopatrzenia w materia\u0142y i \u015brodki do produkcji ogrodniczej:\n<ul>\n<li>Pan Pawe\u0142 Dolata &#8211; Firma PHU Tadeusz Dolata<\/li>\n<\/ul>\n<\/li>\n<li>Rozmowy przy kawie &#8211; wymiana do\u015bwiadcze\u0144.<\/li>\n<\/ol>\n","protected":false},"excerpt":{"rendered":"<p>W dniu 11.02.2011 r. odby\u0142o si\u0119 Seminarium Ogrodnicze w Zespole Szk\u00f3\u0142 Ogrodniczych w Szczecinie. Program spotkania: &#8222;Nowe&#8221; w produkcji i przygotowaniu pod\u0142o\u017cy torfowych dla profesjonalist\u00f3w i amator\u00f3w: Pan W\u0142adys\u0142aw Jakubik <a class=\"more-link\" href=\"https:\/\/ceogr.edu.pl\/?page_id=4652\">Czytaj wi\u0119cej&#8230;<\/a><\/p>\n","protected":false},"author":1,"featured_media":0,"parent":0,"menu_order":0,"comment_status":"closed","ping_status":"closed","template":"","meta":[],"acf":[],"aioseo_notices":[],"_links":{"self":[{"href":"https:\/\/ceogr.edu.pl\/index.php?rest_route=\/wp\/v2\/pages\/4652"}],"collection":[{"href":"https:\/\/ceogr.edu.pl\/index.php?rest_route=\/wp\/v2\/pages"}],"about":[{"href":"https:\/\/ceogr.edu.pl\/index.php?rest_route=\/wp\/v2\/types\/page"}],"author":[{"embeddable":true,"href":"https:\/\/ceogr.edu.pl\/index.php?rest_route=\/wp\/v2\/users\/1"}],"replies":[{"embeddable":true,"href":"https:\/\/ceogr.edu.pl\/index.php?rest_route=%2Fwp%2Fv2%2Fcomments&post=4652"}],"version-history":[{"count":3,"href":"https:\/\/ceogr.edu.pl\/index.php?rest_route=\/wp\/v2\/pages\/4652\/revisions"}],"predecessor-version":[{"id":4663,"href":"https:\/\/ceogr.edu.pl\/index.php?rest_route=\/wp\/v2\/pages\/4652\/revisions\/4663"}],"wp:attachment":[{"href":"https:\/\/ceogr.edu.pl\/index.php?rest_route=%2Fwp%2Fv2%2Fmedia&parent=4652"}],"curies":[{"name":"wp","href":"https:\/\/api.w.org\/{rel}","templated":true}]}}