{"id":4127,"date":"2015-10-26T07:57:37","date_gmt":"2015-10-26T07:57:37","guid":{"rendered":"http:\/\/ceogr.edu.pl\/?page_id=4127"},"modified":"2015-12-20T09:55:39","modified_gmt":"2015-12-20T09:55:39","slug":"praktyki-zawodowe-oferta","status":"publish","type":"page","link":"https:\/\/ceogr.edu.pl\/?page_id=4127","title":{"rendered":"Praktyki zawodowe &#8211; oferta"},"content":{"rendered":"\n<div class=\"wpcf7 no-js\" id=\"wpcf7-f4633-o1\" lang=\"pl-PL\" dir=\"ltr\">\n<div class=\"screen-reader-response\"><p role=\"status\" aria-live=\"polite\" aria-atomic=\"true\"><\/p> <ul><\/ul><\/div>\n<form action=\"\/index.php?rest_route=%2Fwp%2Fv2%2Fpages%2F4127#wpcf7-f4633-o1\" method=\"post\" class=\"wpcf7-form init\" aria-label=\"Formularz kontaktowy\" novalidate=\"novalidate\" data-status=\"init\">\n<div style=\"display: none;\">\n<input type=\"hidden\" name=\"_wpcf7\" value=\"4633\" \/>\n<input type=\"hidden\" name=\"_wpcf7_version\" value=\"5.7.7\" \/>\n<input type=\"hidden\" name=\"_wpcf7_locale\" value=\"pl_PL\" \/>\n<input type=\"hidden\" name=\"_wpcf7_unit_tag\" value=\"wpcf7-f4633-o1\" \/>\n<input type=\"hidden\" name=\"_wpcf7_container_post\" value=\"0\" \/>\n<input type=\"hidden\" name=\"_wpcf7_posted_data_hash\" value=\"\" \/>\n<\/div>\n<div id=\"top_niebieski\">\n\t<ul>\n\t\t<li>\n\t\t\t<p><a href=\"\/?page_id=4092\" title=\"Strona g\u0142\u00f3wna\">Strona g\u0142\u00f3wna<\/a>\n\t\t\t<\/p>\n\t\t<\/li>\n\t\t<li>\n\t\t\t<p><a href=\"\/?page_id=4081\" title=\"Kwalifikacyjne Kursy Zawodowe\">K K Z<\/a>\n\t\t\t<\/p>\n\t\t<\/li>\n\t\t<li>\n\t\t\t<p><a href=\"\/?page_id=4127\" title=\"Praktyki zawodowe \u2013 oferta\">Praktyki<\/a>\n\t\t\t<\/p>\n\t\t<\/li>\n\t\t<li>\n\t\t\t<p><a href=\"\/?page_id=4647\" title=\"Seminaria\">Seminaria<\/a>\n\t\t\t<\/p>\n\t\t<\/li>\n\t<\/ul>\n<\/div>\n<p><br \/>\n<!--top_niebieski-->\n<\/p><input type='hidden' class='wpcf7-pum' value='{\"closepopup\":false,\"closedelay\":0,\"openpopup\":false,\"openpopup_id\":0}' \/><div class=\"wpcf7-response-output\" aria-hidden=\"true\"><\/div>\n<\/form>\n<\/div>\n\n<p><strong><img loading=\"lazy\" class=\"alignleft size-thumbnail wp-image-208\" style=\"margin-right: 15px; margin-left: 15px;\" title=\"Praktyki zawodowe\" src=\"https:\/\/ceogr.edu.pl\/wp-osrodek\/wp-content\/uploads\/2012\/12\/Zajecie02-150x150.jpg\" alt=\"\" width=\"150\" height=\"150\" \/>OFERTA<\/strong> Dyrekcja i nauczyciele Centrum Edukacji Ogrodniczej w Szczecinie zapraszaj\u0105 nauczycieli i uczni\u00f3w szk\u00f3\u0142 zawodowych, kszta\u0142c\u0105cych w kierunkach: ogrodnik, technik ogrodnik, technik agrobiznesu i technik architektury krajobrazu, do wsp\u00f3\u0142pracy w zakresie realizacji programowych praktyk zawodowych w naszym O\u015brodku Dokszta\u0142cania i Doskonalenia Zawodowego. \u00a0Posiadamy w tym wzgl\u0119dzie nowoczesn\u0105 baz\u0119 dydaktyczn\u0105 i wieloletnie do\u015bwiadczenie. Organizacja i przebieg zaj\u0119\u0107 dydaktycznych b\u0119d\u0105 oparte o podpisan\u0105 mi\u0119dzy stronami umow\u0119 z za\u0142\u0105czonym harmonogramem praktyk. W ramach realizacji przez uczni\u00f3w zada\u0144 programowych zapewniamy mi\u0119dzy innymi:<\/p>\n<ul>\n<li>poznanie planowania i organizacji produkcji ogrodniczej i szk\u00f3\u0142karskiej,<\/li>\n<li>projektowanie i zak\u0142adanie ogrod\u00f3w i teren\u00f3w zieleni w trakcie wyjazdowych zaj\u0119\u0107 terenowych,<\/li>\n<li>planowanie, organizowanie i realizowanie prac zwi\u0105zanych z piel\u0119gnacj\u0105 i konserwacj\u0105 ogrod\u00f3w i teren\u00f3w zieleni,<\/li>\n<li>planowanie i realizacj\u0119 prac piel\u0119gnacyjnych obiekt\u00f3w i trawiastych boisk sportowych (nauka wykonywania aeracji, wertykulacji, piaskowania i nawo\u017cenia boisk sprz\u0119tem mechanicznym),<\/li>\n<li>nauk\u0119 ci\u0119cia i formowania koron drzew i krzew\u00f3w ozdobnych iglastych i li\u015bciastych,<\/li>\n<li>nauk\u0119 szczepienia i okulizacji drzew i krzew\u00f3w owocowych,<\/li>\n<li>nauk\u0119 rozpoznawania gatunk\u00f3w drzew i krzew\u00f3w ozdobnych na przyk\u0142adzie \u017cywych krzew\u00f3w i drzew w ramach wycieczek dydaktycznych do ogrodu dendrologicznego i parku le\u015bnego,<\/li>\n<li>nauk\u0119 wykonywania bukiet\u00f3w i kompozycji florystycznych oraz element\u00f3w ma\u0142ej architektury z wikliny w formie zaj\u0119\u0107 warsztatowych,<\/li>\n<li>poznanie i tworzenie niezb\u0119dnej dokumentacji na etapie produkcji i sprzeda\u017cy,<\/li>\n<li>nauk\u0119 obs\u0142ugi kasy fiskalnej, wystawiania faktur VAT i innej dokumentacji zwi\u0105zanej z obrotem i sprzeda\u017c\u0105 wyrob\u00f3w gotowych, r\u0119cznie i przy u\u017cyciu program\u00f3w komputerowych,<\/li>\n<li>wykonywanie kalkulacji koszt\u00f3w i bilansu finansowego zwi\u0105zanego z realizacj\u0105 planu produkcji na dany rok na przyk\u0142adzie O\u015brodka,<\/li>\n<li>obs\u0142ug\u0119 klient\u00f3w detalicznych i hurtowych zwi\u0105zan\u0105 ze sprzeda\u017c\u0105 oraz realizacj\u0105 zam\u00f3wie\u0144 produkcji gotowej,<\/li>\n<li>przygotowanie produkt\u00f3w do sprzeda\u017cy (selekcja, oczyszczanie, pakowanie i wa\u017cenie).<\/li>\n<\/ul>\n<p>Zapewniamy zakwaterowanie w internacie i wy\u017cywienie w sto\u0142\u00f3wce szkolnej. Ca\u0142odobowy koszt pobytu &#8211; brutto 17,00 z\u0142 w tym:<\/p>\n<ul>\n<li>koszt wy\u017cywienia &#8211; 14,00 z\u0142<\/li>\n<li>fundusz eksploatacyjno remontowy &#8211; 3,00 z\u0142<\/li>\n<\/ul>\n<hr \/>\n<p>Praktyki w trakcie realizacji<\/p>\n<ol>\n<li><b>wsp\u00f3\u0142praca z SPP Nr 1 w SOSW Nr 1 przy ul. Polickiej 3 w Szczecinie,<\/b><\/li>\n<li><b>wsp\u00f3\u0142praca z ZSZS Nr 16 przy ul. Jagiello\u0144skiej 65 w Szczecinie<\/b><\/li>\n<\/ol>\n","protected":false},"excerpt":{"rendered":"<p>OFERTA Dyrekcja i nauczyciele Centrum Edukacji Ogrodniczej w Szczecinie zapraszaj\u0105 nauczycieli i uczni\u00f3w szk\u00f3\u0142 zawodowych, kszta\u0142c\u0105cych w kierunkach: ogrodnik, technik ogrodnik, technik agrobiznesu i technik architektury krajobrazu, do wsp\u00f3\u0142pracy w <a class=\"more-link\" href=\"https:\/\/ceogr.edu.pl\/?page_id=4127\">Czytaj wi\u0119cej&#8230;<\/a><\/p>\n","protected":false},"author":1,"featured_media":0,"parent":0,"menu_order":0,"comment_status":"closed","ping_status":"closed","template":"","meta":[],"acf":[],"aioseo_notices":[],"_links":{"self":[{"href":"https:\/\/ceogr.edu.pl\/index.php?rest_route=\/wp\/v2\/pages\/4127"}],"collection":[{"href":"https:\/\/ceogr.edu.pl\/index.php?rest_route=\/wp\/v2\/pages"}],"about":[{"href":"https:\/\/ceogr.edu.pl\/index.php?rest_route=\/wp\/v2\/types\/page"}],"author":[{"embeddable":true,"href":"https:\/\/ceogr.edu.pl\/index.php?rest_route=\/wp\/v2\/users\/1"}],"replies":[{"embeddable":true,"href":"https:\/\/ceogr.edu.pl\/index.php?rest_route=%2Fwp%2Fv2%2Fcomments&post=4127"}],"version-history":[{"count":7,"href":"https:\/\/ceogr.edu.pl\/index.php?rest_route=\/wp\/v2\/pages\/4127\/revisions"}],"predecessor-version":[{"id":5098,"href":"https:\/\/ceogr.edu.pl\/index.php?rest_route=\/wp\/v2\/pages\/4127\/revisions\/5098"}],"wp:attachment":[{"href":"https:\/\/ceogr.edu.pl\/index.php?rest_route=%2Fwp%2Fv2%2Fmedia&parent=4127"}],"curies":[{"name":"wp","href":"https:\/\/api.w.org\/{rel}","templated":true}]}}