{"id":3677,"date":"2022-08-18T09:32:18","date_gmt":"2022-08-18T09:32:18","guid":{"rendered":"http:\/\/www.ceogr.edu.pl\/?page_id=3677"},"modified":"2025-06-25T07:02:38","modified_gmt":"2025-06-25T07:02:38","slug":"wykaz-podrecznikow-20182019","status":"publish","type":"page","link":"https:\/\/ceogr.edu.pl\/?page_id=3677","title":{"rendered":"Wykaz podr\u0119cznik\u00f3w 2025\/2026 dla klas I"},"content":{"rendered":"<p style=\"text-align: center;\"><span style=\"font-family: arial, helvetica, sans-serif; font-size: 14px; line-height: 1.5;\"><span style=\"font-size: 12pt; color: #993300;\"><strong>ROK SZKOLNY 2025\/2026<\/strong><\/span><\/span><\/p>\n<p><a href=\"https:\/\/ceogr.edu.pl\/wp-content\/uploads\/2023\/07\/Wykaz-odziezy-roboczej-na-poszczegolne-kierunki-2023.pdf\" target=\"_blank\" rel=\"noopener\">Wykaz odzie\u017cy roboczej na poszczeg\u00f3lne kierunki<\/a><\/p>\n<p><span style=\"text-decoration: underline; font-size: 12pt;\"><strong>dla klasy I\u00a0 BRAN\u017bOWEJ SZKO\u0141Y I<\/strong><\/span><span style=\"font-size: 12pt;\"><sup><strong>o<\/strong><\/sup><\/span><span style=\"text-decoration: underline; font-size: 12pt; color: #ff0000;\"><strong><br \/>\n<\/strong><\/span><\/p>\n<ul>\n<li><span style=\"color: #000000;\"><a href=\"https:\/\/ceogr.edu.pl\/wp-content\/uploads\/2025\/06\/1-BBE.pdf\" target=\"_blank\" rel=\"noopener\">mechanik-operator pojazd\u00f3w i maszyn rolniczych<\/a><br \/>\n<\/span><\/li>\n<li><a href=\"https:\/\/ceogr.edu.pl\/wp-content\/uploads\/2025\/06\/1-EBo.pdf\" target=\"_blank\" rel=\"noopener\">ogrodnik<\/a><\/li>\n<\/ul>\n<p><span style=\"text-decoration: underline; font-size: 12pt;\"><strong>dla klasy I Technikum Ogrodniczego<\/strong><\/span><\/p>\n<ul>\n<li><a href=\"https:\/\/ceogr.edu.pl\/wp-content\/uploads\/2025\/06\/1-DT.pdf\" target=\"_blank\" rel=\"noopener\">technik ogrodnik<\/a><\/li>\n<li><a href=\"https:\/\/ceogr.edu.pl\/wp-content\/uploads\/2025\/06\/1-HT.pdf\" target=\"_blank\" rel=\"noopener\">technik architektury krajobrazu<\/a><\/li>\n<li><a href=\"https:\/\/ceogr.edu.pl\/wp-content\/uploads\/2025\/06\/1-LT.pdf\" target=\"_blank\" rel=\"noopener\">technik weterynarii<\/a><\/li>\n<li><a href=\"https:\/\/ceogr.edu.pl\/wp-content\/uploads\/2025\/06\/1-CT.pdf\" target=\"_blank\" rel=\"noopener\">technik hodowca koni<\/a><\/li>\n<li><a href=\"https:\/\/ceogr.edu.pl\/wp-content\/uploads\/2025\/06\/1-BT.pdf\" target=\"_blank\" rel=\"noopener\">technik mechanizacji rolnictwa i agrotroniki<\/a><\/li>\n<\/ul>\n","protected":false},"excerpt":{"rendered":"<p>ROK SZKOLNY 2025\/2026 Wykaz odzie\u017cy roboczej na poszczeg\u00f3lne kierunki dla klasy I\u00a0 BRAN\u017bOWEJ SZKO\u0141Y Io mechanik-operator pojazd\u00f3w i maszyn rolniczych ogrodnik dla klasy I Technikum Ogrodniczego technik ogrodnik technik architektury <a class=\"more-link\" href=\"https:\/\/ceogr.edu.pl\/?page_id=3677\">Czytaj wi\u0119cej&#8230;<\/a><\/p>\n","protected":false},"author":2,"featured_media":0,"parent":0,"menu_order":0,"comment_status":"closed","ping_status":"closed","template":"","meta":[],"acf":[],"aioseo_notices":[],"_links":{"self":[{"href":"https:\/\/ceogr.edu.pl\/index.php?rest_route=\/wp\/v2\/pages\/3677"}],"collection":[{"href":"https:\/\/ceogr.edu.pl\/index.php?rest_route=\/wp\/v2\/pages"}],"about":[{"href":"https:\/\/ceogr.edu.pl\/index.php?rest_route=\/wp\/v2\/types\/page"}],"author":[{"embeddable":true,"href":"https:\/\/ceogr.edu.pl\/index.php?rest_route=\/wp\/v2\/users\/2"}],"replies":[{"embeddable":true,"href":"https:\/\/ceogr.edu.pl\/index.php?rest_route=%2Fwp%2Fv2%2Fcomments&post=3677"}],"version-history":[{"count":57,"href":"https:\/\/ceogr.edu.pl\/index.php?rest_route=\/wp\/v2\/pages\/3677\/revisions"}],"predecessor-version":[{"id":18476,"href":"https:\/\/ceogr.edu.pl\/index.php?rest_route=\/wp\/v2\/pages\/3677\/revisions\/18476"}],"wp:attachment":[{"href":"https:\/\/ceogr.edu.pl\/index.php?rest_route=%2Fwp%2Fv2%2Fmedia&parent=3677"}],"curies":[{"name":"wp","href":"https:\/\/api.w.org\/{rel}","templated":true}]}}