{"id":350,"date":"2020-06-15T16:56:20","date_gmt":"2020-06-15T16:56:20","guid":{"rendered":"http:\/\/www.ceogr.edu.pl\/?page_id=350"},"modified":"2026-02-20T09:51:29","modified_gmt":"2026-02-20T09:51:29","slug":"internat","status":"publish","type":"page","link":"https:\/\/ceogr.edu.pl\/?page_id=350","title":{"rendered":"Dokumenty dla kandydat\u00f3w"},"content":{"rendered":"<ol>\n<li><a href=\"https:\/\/ceogr.edu.pl\/wp-content\/uploads\/2022\/04\/podanie-do-internatu.doc\" target=\"_blank\" rel=\"noopener\">Podanie do internatu<\/a><\/li>\n<li><a href=\"https:\/\/ceogr.edu.pl\/wp-content\/uploads\/2022\/04\/Karta-informacyjna-mieszkanca-internatu.doc\" target=\"_blank\" rel=\"noopener\">Karta informacyjna\u00a0 mieszka\u0144ca internatu<\/a><\/li>\n<li><a href=\"https:\/\/ceogr.edu.pl\/wp-content\/uploads\/2022\/04\/pelnomocnictwo-do-zameldowania-na-pobyt-czasowy-ucznia-w-internacie.pdf\" target=\"_blank\" rel=\"noopener\">Pe\u0142nomocnictwo do zameldowania czasowego wychowanka w internacie<\/a><\/li>\n<li><a href=\"https:\/\/ceogr.edu.pl\/wp-content\/uploads\/2022\/04\/zgoda-na-zajecia-pozalekcyjne.doc\" target=\"_blank\" rel=\"noopener\">Zgoda rodzica na indywidualne zaj\u0119cia pozalekcyjne<\/a><\/li>\n<li><a href=\"https:\/\/ceogr.edu.pl\/wp-content\/uploads\/2022\/08\/Rezygnacja-z-internatu.doc\" target=\"_blank\" rel=\"noopener\">Rezygnacja z internatu<\/a><\/li>\n<li><a href=\"https:\/\/ceogr.edu.pl\/wp-content\/uploads\/2022\/08\/Obiegowka.pdf\" target=\"_blank\" rel=\"noopener\">Obieg\u00f3wka<\/a><\/li>\n<li><a href=\"https:\/\/ceogr.edu.pl\/wp-content\/uploads\/2026\/02\/Regulamin-internatu-.pdf\" target=\"_blank\" rel=\"noopener\">Regulamin internatu<\/a><\/li>\n<li><a href=\"https:\/\/ceogr.edu.pl\/wp-content\/uploads\/2022\/11\/procedura-rekrutacji-do-internatu.doc\" target=\"_blank\" rel=\"noopener\"><span class=\"media-list-title\">Procedura rekrutacji do internatu<\/span><\/a><\/li>\n<\/ol>\n\n\n<p><\/p>\n","protected":false},"excerpt":{"rendered":"<p>Podanie do internatu Karta informacyjna\u00a0 mieszka\u0144ca internatu Pe\u0142nomocnictwo do zameldowania czasowego wychowanka w internacie Zgoda rodzica na indywidualne zaj\u0119cia pozalekcyjne Rezygnacja z internatu Obieg\u00f3wka Regulamin internatu Procedura rekrutacji do internatu<\/p>\n","protected":false},"author":2,"featured_media":0,"parent":0,"menu_order":0,"comment_status":"closed","ping_status":"open","template":"","meta":[],"acf":[],"aioseo_notices":[],"_links":{"self":[{"href":"https:\/\/ceogr.edu.pl\/index.php?rest_route=\/wp\/v2\/pages\/350"}],"collection":[{"href":"https:\/\/ceogr.edu.pl\/index.php?rest_route=\/wp\/v2\/pages"}],"about":[{"href":"https:\/\/ceogr.edu.pl\/index.php?rest_route=\/wp\/v2\/types\/page"}],"author":[{"embeddable":true,"href":"https:\/\/ceogr.edu.pl\/index.php?rest_route=\/wp\/v2\/users\/2"}],"replies":[{"embeddable":true,"href":"https:\/\/ceogr.edu.pl\/index.php?rest_route=%2Fwp%2Fv2%2Fcomments&post=350"}],"version-history":[{"count":32,"href":"https:\/\/ceogr.edu.pl\/index.php?rest_route=\/wp\/v2\/pages\/350\/revisions"}],"predecessor-version":[{"id":18984,"href":"https:\/\/ceogr.edu.pl\/index.php?rest_route=\/wp\/v2\/pages\/350\/revisions\/18984"}],"wp:attachment":[{"href":"https:\/\/ceogr.edu.pl\/index.php?rest_route=%2Fwp%2Fv2%2Fmedia&parent=350"}],"curies":[{"name":"wp","href":"https:\/\/api.w.org\/{rel}","templated":true}]}}