{"id":224,"date":"2013-10-11T14:24:52","date_gmt":"2013-10-11T12:24:52","guid":{"rendered":"http:\/\/www.ceogr.edu.pl\/?page_id=224"},"modified":"2024-01-02T11:48:42","modified_gmt":"2024-01-02T11:48:42","slug":"pedagog-szkolny","status":"publish","type":"page","link":"https:\/\/ceogr.edu.pl\/?page_id=224","title":{"rendered":"Pedagog szkolny"},"content":{"rendered":"\n<div class=\"wpcf7 no-js\" id=\"wpcf7-f4745-o1\" lang=\"pl-PL\" dir=\"ltr\">\n<div class=\"screen-reader-response\"><p role=\"status\" aria-live=\"polite\" aria-atomic=\"true\"><\/p> <ul><\/ul><\/div>\n<form action=\"\/index.php?rest_route=%2Fwp%2Fv2%2Fpages%2F224#wpcf7-f4745-o1\" method=\"post\" class=\"wpcf7-form init\" aria-label=\"Formularz kontaktowy\" novalidate=\"novalidate\" data-status=\"init\">\n<div style=\"display: none;\">\n<input type=\"hidden\" name=\"_wpcf7\" value=\"4745\" \/>\n<input type=\"hidden\" name=\"_wpcf7_version\" value=\"5.7.7\" \/>\n<input type=\"hidden\" name=\"_wpcf7_locale\" value=\"pl_PL\" \/>\n<input type=\"hidden\" name=\"_wpcf7_unit_tag\" value=\"wpcf7-f4745-o1\" \/>\n<input type=\"hidden\" name=\"_wpcf7_container_post\" value=\"0\" \/>\n<input type=\"hidden\" name=\"_wpcf7_posted_data_hash\" value=\"\" \/>\n<\/div>\n<div id=\"top_zielony\">\n\t<ul>\n\t\t<li >\n\t\t\t<p><a href=\"\/?page_id=224\" title=\"Strona g\u0142\u00f3wna\">Strona g\u0142\u00f3wna<\/a>\n\t\t\t<\/p>\n\t\t<\/li>\n\t\t<li >\n\t\t\t<p><a href=\"\/?page_id=4748\" title=\"Aktualno\u015bci\">Aktualno\u015bci<\/a>\n\t\t\t<\/p>\n\t\t<\/li>\n\t<\/ul>\n<\/div>\n<p><br \/>\n<!--top_niebieski-->\n<\/p><input type='hidden' class='wpcf7-pum' value='{\"closepopup\":false,\"closedelay\":0,\"openpopup\":false,\"openpopup_id\":0}' \/><div class=\"wpcf7-response-output\" aria-hidden=\"true\"><\/div>\n<\/form>\n<\/div>\n\n<hr \/>\n<p><span style=\"font-size: 12pt;\"><strong>Drodzy Uczniowie, Rodzice,<\/strong><\/span><\/p>\n<p><span style=\"font-size: 12pt;\">\u00a0\u00a0\u00a0\u00a0\u00a0\u00a0\u00a0\u00a0\u00a0\u00a0 W tym trudnym dla wszystkich czasie, zach\u0119cam\u00a0 do korzystania z r\u00f3\u017cnych form wsparcia online, mo\u017ce dla Was lub cz\u0142onk\u00f3w rodziny pomocne oka\u017ce si\u0119 wsparcie psychologiczne.<\/span><\/p>\n<p><span style=\"font-size: 12pt;\"><a href=\"https:\/\/www.youtube.com\/watch?v=JHIPgNNpFcU&amp;list=PLZ2X\">https:\/\/www.youtube.com\/watch?v=JHIPgNNpFcU&amp;list=PLZ2X<\/a><a href=\"https:\/\/www.youtube.com\/watch?v=JHIPgNNpFcU&amp;list=PLZ2X-9LnwIVGKMYST9rzCs5KqLiPy1q17\"> 9LnwIVGKMYST9rzCs5KqLiPy1q17<\/a><\/span><\/p>\n<p><span style=\"font-size: 12pt;\">Pozdrawiam,<\/span><\/p>\n<hr \/>\n<p><span style=\"text-decoration: underline; font-size: 12pt;\"><strong>GODZINY PRACY<\/strong><\/span><\/p>\n<p>PEDAGOG<br \/>\nPoniedzia\u0142ek\u00a0 8:00-11:00<br \/>\nWtorek \u00a08:00-15:00<br \/>\n\u015aroda 8:00-11:00<br \/>\nCzwartek 12:00-15:00<br \/>\nPi\u0105tek 09:00-15:00<\/p>\n<p>PEDAGOG SPECJALNY<br \/>\nPoniedzia\u0142ek\u00a0 8:00-16:00<br \/>\nWtorek \u00a08:00-15:00<br \/>\n\u015aroda 8:00-12:30<br \/>\nCzwartek 8:00-15:00<br \/>\nPi\u0105tek 08:00-12:30<\/p>\n<p>PSYCHOLOG<br \/>\nponiedzia\u0142ek 10:00 -16:00<br \/>\nwtorek<br \/>\n\u015broda\u00a0 10:00 -16:00<br \/>\nczwartek 08:00-13:00<br \/>\npi\u0105tek<\/p>\n<p style=\"text-align: center;\"><span style=\"font-size: 12pt;\">ISTNIEJE MO\u017bLIWO\u015a\u0106 KONTAKTU POPRZEZ DZIENNIK LIBRUS, MAILOWEGO (poczt\u0105 s\u0142u\u017cbow\u0105) oraz telefonicznego po podaniu kontaktu do siebie z informacj\u0105 o telefon zwrotny.<\/span><br \/>\n<span style=\"font-size: 12pt;\"> <a href=\"t.barcz@ceogr.edu.pl\" target=\"_blank\" rel=\"noopener\">t.barcz@ceogr.edu.pl<\/a>, <a href=\"mailto:m.dobrodziej@ceogr.edu.pl\" target=\"_blank\" rel=\"noopener\">m.dobrodziej@ceogr.edu.pl<\/a><\/span><\/p>\n<p style=\"text-align: center;\"><span style=\"font-size: 12pt;\"><a href=\"\/?page_id=2422\" target=\"_blank\" rel=\"noopener noreferrer\"><strong>Uczniu, rodzicu potrzebujesz pomocy \u2013 warto tu zajrze\u0107&#8230;<br \/>\n<\/strong><\/a><span style=\"color: #8b4513;\"><strong>ZWR\u00d3\u0106 SI\u0118 DO PEDAGOGA W KA\u017bDEJ SYTUACJI, GDY:<\/strong><\/span><\/span><\/p>\n<ul>\n<li><span style=\"color: #0000ff; font-size: 12pt;\">potrzebujesz wsparcia i pomocy<\/span><\/li>\n<li><span style=\"color: #0000ff; font-size: 12pt;\">czujesz, \u017ce nikt Ci\u0119 nie rozumie<\/span><\/li>\n<li><span style=\"color: #0000ff; font-size: 12pt;\">masz problemy rodzinne<\/span><\/li>\n<li><span style=\"color: #0000ff; font-size: 12pt;\">nie mo\u017cesz znale\u017a\u0107 wsp\u00f3lnego j\u0119zyka ze znajomymi<\/span><\/li>\n<li><span style=\"color: #0000ff; font-size: 12pt;\">masz problemy sercowe<\/span><\/li>\n<li><span style=\"color: #0000ff; font-size: 12pt;\">chcesz pom\u00f3c innym i nie wiesz w jaki spos\u00f3b \u00a0<\/span><\/li>\n<li><span style=\"color: #0000ff; font-size: 12pt;\">chcesz podzieli\u0107 si\u0119 swoj\u0105 rado\u015bci\u0105 lub sukcesem \u00a0<\/span><\/li>\n<\/ul>\n<p style=\"text-align: center;\"><span style=\"font-size: 12pt;\">PEDAGOG, PSYCHOLOG WYS\u0141UCHA CI\u0118 \u017bYCZLIWIE I Z UWAG\u0104, ZAPEWNI CI PE\u0141N\u0104 ANONIMOWO\u015a\u0106 I DYSKRECJ\u0118, POMO\u017bE CI ZNALE\u0179\u0106 WYJ\u015aCIE Z TRUDNEJ SYTUACJI. \u00a0<\/span><\/p>\n","protected":false},"excerpt":{"rendered":"<p>Drodzy Uczniowie, Rodzice, \u00a0\u00a0\u00a0\u00a0\u00a0\u00a0\u00a0\u00a0\u00a0\u00a0 W tym trudnym dla wszystkich czasie, zach\u0119cam\u00a0 do korzystania z r\u00f3\u017cnych form wsparcia online, mo\u017ce dla Was lub cz\u0142onk\u00f3w rodziny pomocne oka\u017ce si\u0119 wsparcie psychologiczne. https:\/\/www.youtube.com\/watch?v=JHIPgNNpFcU&amp;list=PLZ2X <a class=\"more-link\" href=\"https:\/\/ceogr.edu.pl\/?page_id=224\">Czytaj wi\u0119cej&#8230;<\/a><\/p>\n","protected":false},"author":2,"featured_media":0,"parent":0,"menu_order":0,"comment_status":"closed","ping_status":"open","template":"","meta":[],"acf":[],"aioseo_notices":[],"_links":{"self":[{"href":"https:\/\/ceogr.edu.pl\/index.php?rest_route=\/wp\/v2\/pages\/224"}],"collection":[{"href":"https:\/\/ceogr.edu.pl\/index.php?rest_route=\/wp\/v2\/pages"}],"about":[{"href":"https:\/\/ceogr.edu.pl\/index.php?rest_route=\/wp\/v2\/types\/page"}],"author":[{"embeddable":true,"href":"https:\/\/ceogr.edu.pl\/index.php?rest_route=\/wp\/v2\/users\/2"}],"replies":[{"embeddable":true,"href":"https:\/\/ceogr.edu.pl\/index.php?rest_route=%2Fwp%2Fv2%2Fcomments&post=224"}],"version-history":[{"count":37,"href":"https:\/\/ceogr.edu.pl\/index.php?rest_route=\/wp\/v2\/pages\/224\/revisions"}],"predecessor-version":[{"id":16887,"href":"https:\/\/ceogr.edu.pl\/index.php?rest_route=\/wp\/v2\/pages\/224\/revisions\/16887"}],"wp:attachment":[{"href":"https:\/\/ceogr.edu.pl\/index.php?rest_route=%2Fwp%2Fv2%2Fmedia&parent=224"}],"curies":[{"name":"wp","href":"https:\/\/api.w.org\/{rel}","templated":true}]}}