{"id":10284,"date":"2019-05-09T13:12:02","date_gmt":"2019-05-09T13:12:02","guid":{"rendered":"http:\/\/ceogr.edu.pl\/?page_id=10284"},"modified":"2022-04-11T14:03:43","modified_gmt":"2022-04-11T14:03:43","slug":"internat-2019","status":"publish","type":"page","link":"https:\/\/ceogr.edu.pl\/?page_id=10284","title":{"rendered":"INTERNAT"},"content":{"rendered":"<p><strong>NBP nr rachunku: 27 1010 1599 0527 1913 9134 0000<\/strong><\/p>\n<p>W tytule\u00a0 tre\u015bci p\u0142atno\u015b\u0107\u00a0 nale\u017cy poda\u0107 imi\u0119 i nazwisko ucznia.<\/p>\n","protected":false},"excerpt":{"rendered":"<p>NBP nr rachunku: 27 1010 1599 0527 1913 9134 0000 W tytule\u00a0 tre\u015bci p\u0142atno\u015b\u0107\u00a0 nale\u017cy poda\u0107 imi\u0119 i nazwisko ucznia.<\/p>\n","protected":false},"author":2,"featured_media":0,"parent":0,"menu_order":0,"comment_status":"closed","ping_status":"closed","template":"","meta":[],"acf":[],"aioseo_notices":[],"_links":{"self":[{"href":"https:\/\/ceogr.edu.pl\/index.php?rest_route=\/wp\/v2\/pages\/10284"}],"collection":[{"href":"https:\/\/ceogr.edu.pl\/index.php?rest_route=\/wp\/v2\/pages"}],"about":[{"href":"https:\/\/ceogr.edu.pl\/index.php?rest_route=\/wp\/v2\/types\/page"}],"author":[{"embeddable":true,"href":"https:\/\/ceogr.edu.pl\/index.php?rest_route=\/wp\/v2\/users\/2"}],"replies":[{"embeddable":true,"href":"https:\/\/ceogr.edu.pl\/index.php?rest_route=%2Fwp%2Fv2%2Fcomments&post=10284"}],"version-history":[{"count":13,"href":"https:\/\/ceogr.edu.pl\/index.php?rest_route=\/wp\/v2\/pages\/10284\/revisions"}],"predecessor-version":[{"id":14933,"href":"https:\/\/ceogr.edu.pl\/index.php?rest_route=\/wp\/v2\/pages\/10284\/revisions\/14933"}],"wp:attachment":[{"href":"https:\/\/ceogr.edu.pl\/index.php?rest_route=%2Fwp%2Fv2%2Fmedia&parent=10284"}],"curies":[{"name":"wp","href":"https:\/\/api.w.org\/{rel}","templated":true}]}}