{"id":1021,"date":"2014-02-06T18:27:30","date_gmt":"2014-02-06T17:27:30","guid":{"rendered":"http:\/\/www.ceogr.edu.pl\/?page_id=1021"},"modified":"2015-10-29T14:49:08","modified_gmt":"2015-10-29T14:49:08","slug":"osrodek-nauki-jazdy","status":"publish","type":"page","link":"https:\/\/ceogr.edu.pl\/?page_id=1021","title":{"rendered":"O\u015aRODEK NAUKI JAZDY"},"content":{"rendered":"<p><span style=\"color: #800000;\"><b><i>Czarny ci\u0105gnik chcia\u0142bym mie\u0107, ca\u0142y czarny i opony te\u017c;<\/i><\/b><\/span> <span style=\"color: #800000;\"><b><i>Siedem jeden ma do setki, sk\u00f3r\u0119, klim\u0119 i komputer;<\/i><\/b><\/span> <span style=\"color: #800000;\"><b><i>Szyber, k\u00f3\u0142ko z futer w\u0142a\u015bnie takim cudem mo\u017cesz podbi\u0107 \u015bwiat\u2026<\/i><\/b><\/span><\/p>\n<p style=\"padding-left: 240px;\"><span style=\"color: #800000;\"><b><i><\/i><\/b><b><i>Nie zastanawiaj si\u0119 d\u0142u\u017cej, nie nu\u0107 s\u0142\u00f3w piosenki,<\/i><\/b><\/span><\/p>\n<p style=\"padding-left: 240px;\"><span style=\"color: #800000;\"><b><i><\/i><\/b><b><i>kieruj swe kroki do Centrum Edukacji Ogrodniczej<\/i><\/b><\/span><\/p>\n<p style=\"padding-left: 240px;\"><span style=\"color: #800000;\"><b><i><\/i><\/b><b><i>po nauk\u0119 jazdy ci\u0105gnikiem i samochodem osobowym.<\/i><\/b><\/span><\/p>\n<p><b>Oferta szkolenia<\/b> Uczestnikom kursu nauki jazdy w naszej szkole oferujemy profesjonalne szkolenia teoretyczne i\u00a0praktyczne w celu uzyskania prawa jazdy kategorii <b>B i T.<\/b> <b>Ciekawe wyk\u0142ady teoretyczne<\/b> Wyk\u0142ady prowadzone s\u0105 przez wyk\u0142adowc\u00f3w z pasj\u0105, kt\u00f3rzy rzetelnie przeka\u017c\u0105 wiedz\u0119 z zakresu przepis\u00f3w ruchu drogowego, budowy i obs\u0142ugi pojazd\u00f3w, jak r\u00f3wnie\u017c podziel\u0105 si\u0119 w\u0142asnymi do\u015bwiadczeniami nabytymi podczas wieloletniej praktyki. Nasi instruktorzy potrafi\u0105 dostosowa\u0107 tok nauki do indywidualnych predyspozycji i potrzeb kursanta. Nauka jazdy przebiega w spokojnej i\u00a0\u017cyczliwej atmosferze, dzi\u0119ki czemu stres nie ogranicza post\u0119p\u00f3w kursant\u00f3w w przebiegu szkolenia. Zaj\u0119cia odbywaj\u0105 sie w ma\u0142ych, kilkuosobowych grupach! <b>Posiadamy w\u0142asny plac manewrowy dost\u0119pny 24h na dob\u0119.<\/b> <b>Nauka jazdy odbywa si\u0119 pojazdami<\/b><\/p>\n<ol>\n<li>Ci\u0105gnik Zetor 5340 (na prawo jazdy kategorii T);<\/li>\n<li>Samoch\u00f3d osobowy Fiat Panda (na prawo jazdy kategorii B).<\/li>\n<\/ol>\n<p>Proponujemy konkurencyjne ceny! <b>Szczeg\u00f3\u0142owe informacje uzyskasz pod numerem telefonu <\/b><b>91\u00a0461 23 79.<\/b> \u00a0<\/p>\n<p><a href=\"https:\/\/ceogr.edu.pl\/wp-content\/uploads\/2014\/02\/MG_06021.jpg\"><img loading=\"lazy\" class=\"alignnone size-thumbnail wp-image-4245\" src=\"https:\/\/ceogr.edu.pl\/wp-content\/uploads\/2014\/02\/MG_06021-160x90.jpg\" alt=\"MG_0602\" width=\"160\" height=\"90\" \/><\/a>\u00a0<a href=\"https:\/\/ceogr.edu.pl\/wp-content\/uploads\/2014\/02\/MG_06091.jpg\"><img loading=\"lazy\" class=\"alignnone size-thumbnail wp-image-4246\" src=\"https:\/\/ceogr.edu.pl\/wp-content\/uploads\/2014\/02\/MG_06091-160x90.jpg\" alt=\"MG_0609\" width=\"160\" height=\"90\" \/><\/a>\u00a0\u00a0<a href=\"https:\/\/ceogr.edu.pl\/wp-content\/uploads\/2014\/02\/MG_06111.jpg\"><img loading=\"lazy\" class=\"alignnone size-thumbnail wp-image-4247\" src=\"https:\/\/ceogr.edu.pl\/wp-content\/uploads\/2014\/02\/MG_06111-160x90.jpg\" alt=\"MG_0611\" width=\"160\" height=\"90\" \/><\/a>\u00a0<\/p>\n","protected":false},"excerpt":{"rendered":"<p>Czarny ci\u0105gnik chcia\u0142bym mie\u0107, ca\u0142y czarny i opony te\u017c; Siedem jeden ma do setki, sk\u00f3r\u0119, klim\u0119 i komputer; Szyber, k\u00f3\u0142ko z futer w\u0142a\u015bnie takim cudem mo\u017cesz podbi\u0107 \u015bwiat\u2026 Nie zastanawiaj <a class=\"more-link\" href=\"https:\/\/ceogr.edu.pl\/?page_id=1021\">Czytaj wi\u0119cej&#8230;<\/a><\/p>\n","protected":false},"author":1,"featured_media":0,"parent":0,"menu_order":0,"comment_status":"closed","ping_status":"open","template":"","meta":[],"acf":[],"aioseo_notices":[],"_links":{"self":[{"href":"https:\/\/ceogr.edu.pl\/index.php?rest_route=\/wp\/v2\/pages\/1021"}],"collection":[{"href":"https:\/\/ceogr.edu.pl\/index.php?rest_route=\/wp\/v2\/pages"}],"about":[{"href":"https:\/\/ceogr.edu.pl\/index.php?rest_route=\/wp\/v2\/types\/page"}],"author":[{"embeddable":true,"href":"https:\/\/ceogr.edu.pl\/index.php?rest_route=\/wp\/v2\/users\/1"}],"replies":[{"embeddable":true,"href":"https:\/\/ceogr.edu.pl\/index.php?rest_route=%2Fwp%2Fv2%2Fcomments&post=1021"}],"version-history":[{"count":2,"href":"https:\/\/ceogr.edu.pl\/index.php?rest_route=\/wp\/v2\/pages\/1021\/revisions"}],"predecessor-version":[{"id":4248,"href":"https:\/\/ceogr.edu.pl\/index.php?rest_route=\/wp\/v2\/pages\/1021\/revisions\/4248"}],"wp:attachment":[{"href":"https:\/\/ceogr.edu.pl\/index.php?rest_route=%2Fwp%2Fv2%2Fmedia&parent=1021"}],"curies":[{"name":"wp","href":"https:\/\/api.w.org\/{rel}","templated":true}]}}